{"id":18696,"date":"2022-02-17T19:18:51","date_gmt":"2022-02-18T00:18:51","guid":{"rendered":"https:\/\/immoplex.com\/?page_id=18696"},"modified":"2023-07-25T11:29:57","modified_gmt":"2023-07-25T15:29:57","slug":"soumission","status":"publish","type":"page","link":"https:\/\/immoplex.com\/en\/soumission\/","title":{"rendered":"Service Offer"},"content":{"rendered":"<div data-elementor-type=\"wp-page\" data-elementor-id=\"18696\" class=\"elementor elementor-18696\" data-elementor-settings=\"[]\">\n\t\t\t\t\t\t<div class=\"elementor-inner\">\n\t\t\t\t\t\t\t<div class=\"elementor-section-wrap\">\n\t\t\t\t\t\t\t<section class=\"elementor-section elementor-top-section elementor-element elementor-element-3debc43 elementor-section-boxed elementor-section-height-default elementor-section-height-default sc_fly_static\" data-id=\"3debc43\" data-element_type=\"section\">\n\t\t\t\t\t\t<div class=\"elementor-container elementor-column-gap-extended\">\n\t\t\t\t\t\t\t<div class=\"elementor-row\">\n\t\t\t\t\t<div class=\"elementor-column elementor-col-100 elementor-top-column elementor-element elementor-element-b08a05b sc_inner_width_none sc_content_align_inherit sc_layouts_column_icons_position_left sc_fly_static\" data-id=\"b08a05b\" data-element_type=\"column\">\n\t\t\t<div class=\"elementor-column-wrap elementor-element-populated\">\n\t\t\t\t\t\t\t<div class=\"elementor-widget-wrap\">\n\t\t\t\t\t\t<div class=\"elementor-element elementor-element-de9504a sc_fly_static elementor-widget elementor-widget-spacer\" data-id=\"de9504a\" data-element_type=\"widget\" data-widget_type=\"spacer.default\">\n\t\t\t\t<div class=\"elementor-widget-container\">\n\t\t\t\t\t<div class=\"elementor-spacer\">\n\t\t\t<div class=\"elementor-spacer-inner\"><\/div>\n\t\t<\/div>\n\t\t\t\t<\/div>\n\t\t\t\t<\/div>\n\t\t\t\t\t\t<\/div>\n\t\t\t\t\t<\/div>\n\t\t<\/div>\n\t\t\t\t\t\t\t\t<\/div>\n\t\t\t\t\t<\/div>\n\t\t<\/section>\n\t\t\t\t<section class=\"elementor-section elementor-top-section elementor-element elementor-element-a44d577 elementor-section-boxed elementor-section-height-default elementor-section-height-default sc_fly_static\" data-id=\"a44d577\" data-element_type=\"section\">\n\t\t\t\t\t\t<div class=\"elementor-container elementor-column-gap-extended\">\n\t\t\t\t\t\t\t<div class=\"elementor-row\">\n\t\t\t\t\t<div class=\"elementor-column elementor-col-100 elementor-top-column elementor-element elementor-element-d0d34dd sc_inner_width_none sc_content_align_inherit sc_layouts_column_icons_position_left sc_fly_static\" data-id=\"d0d34dd\" data-element_type=\"column\">\n\t\t\t<div class=\"elementor-column-wrap elementor-element-populated\">\n\t\t\t\t\t\t\t<div class=\"elementor-widget-wrap\">\n\t\t\t\t\t\t<div class=\"elementor-element elementor-element-88a63e2 sc_fly_static elementor-widget elementor-widget-trx_sc_title\" data-id=\"88a63e2\" data-element_type=\"widget\" data-widget_type=\"trx_sc_title.default\">\n\t\t\t\t<div class=\"elementor-widget-container\">\n\t\t\t<div\t\tclass=\"sc_title sc_title_default\" ><span class=\"sc_item_subtitle sc_title_subtitle sc_item_subtitle_above sc_item_title_style_default\">Let's work together<\/span><h1 class=\"sc_item_title sc_title_title sc_item_title_style_default sc_item_title_tag\"\n\t\t\t><span class=\"sc_item_title_text\">Get a service offer<\/span><\/h1><div class=\"sc_item_descr sc_title_descr\"><p>Are you looking for professional management for your condo syndicate or rental property? <br \/>Simply send us a request using the form below. Our Vice-President will contact you quickly to provide you with a service offer that meets your needs.<\/p>\n<\/div><\/div>\t\t<\/div>\n\t\t\t\t<\/div>\n\t\t\t\t\t\t<\/div>\n\t\t\t\t\t<\/div>\n\t\t<\/div>\n\t\t\t\t\t\t\t\t<\/div>\n\t\t\t\t\t<\/div>\n\t\t<\/section>\n\t\t\t\t<section class=\"elementor-section elementor-top-section elementor-element elementor-element-f24ed93 elementor-section-boxed elementor-section-height-default elementor-section-height-default sc_fly_static\" data-id=\"f24ed93\" data-element_type=\"section\">\n\t\t\t\t\t\t<div class=\"elementor-container elementor-column-gap-extended\">\n\t\t\t\t\t\t\t<div class=\"elementor-row\">\n\t\t\t\t\t<div class=\"elementor-column elementor-col-100 elementor-top-column elementor-element elementor-element-41a8f8b sc_inner_width_none sc_content_align_inherit sc_layouts_column_icons_position_left sc_fly_static\" data-id=\"41a8f8b\" data-element_type=\"column\">\n\t\t\t<div class=\"elementor-column-wrap elementor-element-populated\">\n\t\t\t\t\t\t\t<div class=\"elementor-widget-wrap\">\n\t\t\t\t\t\t<div class=\"elementor-element elementor-element-bd6713b sc_fly_static elementor-widget elementor-widget-spacer\" data-id=\"bd6713b\" data-element_type=\"widget\" data-widget_type=\"spacer.default\">\n\t\t\t\t<div class=\"elementor-widget-container\">\n\t\t\t\t\t<div class=\"elementor-spacer\">\n\t\t\t<div class=\"elementor-spacer-inner\"><\/div>\n\t\t<\/div>\n\t\t\t\t<\/div>\n\t\t\t\t<\/div>\n\t\t\t\t\t\t<\/div>\n\t\t\t\t\t<\/div>\n\t\t<\/div>\n\t\t\t\t\t\t\t\t<\/div>\n\t\t\t\t\t<\/div>\n\t\t<\/section>\n\t\t\t\t<section class=\"elementor-section elementor-top-section elementor-element elementor-element-3e3779b elementor-section-boxed elementor-section-height-default elementor-section-height-default sc_fly_static\" data-id=\"3e3779b\" data-element_type=\"section\">\n\t\t\t\t\t\t<div class=\"elementor-container elementor-column-gap-extended\">\n\t\t\t\t\t\t\t<div class=\"elementor-row\">\n\t\t\t\t\t<div class=\"elementor-column elementor-col-100 elementor-top-column elementor-element elementor-element-077144c sc_inner_width_none sc_content_align_inherit sc_layouts_column_icons_position_left sc_fly_static\" data-id=\"077144c\" data-element_type=\"column\">\n\t\t\t<div class=\"elementor-column-wrap elementor-element-populated\">\n\t\t\t\t\t\t\t<div class=\"elementor-widget-wrap\">\n\t\t\t\t\t\t<div class=\"elementor-element elementor-element-2b62b04 sc_fly_static elementor-widget elementor-widget-trx_sc_contact_form_7\" data-id=\"2b62b04\" data-element_type=\"widget\" data-widget_type=\"trx_sc_contact_form_7.default\">\n\t\t\t\t<div class=\"elementor-widget-container\">\n\t\t\t<div role=\"form\" class=\"wpcf7\" id=\"wpcf7-f1326-o1\" lang=\"en-US\" dir=\"ltr\">\n<div class=\"screen-reader-response\"><p role=\"status\" aria-live=\"polite\" aria-atomic=\"true\"><\/p> <ul><\/ul><\/div>\n<form action=\"\/en\/wp-json\/wp\/v2\/pages\/18696#wpcf7-f1326-o1\" method=\"post\" class=\"wpcf7-form init\" novalidate=\"novalidate\" data-status=\"init\" data-trp-original-action=\"\/en\/wp-json\/wp\/v2\/pages\/18696#wpcf7-f1326-o1\">\n<div style=\"display: none;\">\n<input type=\"hidden\" name=\"_wpcf7\" value=\"1326\" \/>\n<input type=\"hidden\" name=\"_wpcf7_version\" value=\"5.5.4\" \/>\n<input type=\"hidden\" name=\"_wpcf7_locale\" value=\"en_US\" \/>\n<input type=\"hidden\" name=\"_wpcf7_unit_tag\" value=\"wpcf7-f1326-o1\" \/>\n<input type=\"hidden\" name=\"_wpcf7_container_post\" value=\"0\" \/>\n<input type=\"hidden\" name=\"_wpcf7_posted_data_hash\" value=\"\" \/>\n<input type=\"hidden\" name=\"_wpcf7_recaptcha_response\" value=\"\" \/>\n<\/div>\n<div class=\"form-style-4\">\n<h3>Contact information<\/h3>\n<div class=\"columns_wrap\">\n<div class=\"column-1_2\"><span class=\"style-icon icon-name\"><span class=\"wpcf7-form-control-wrap your-prenom\"><input type=\"text\" name=\"your-prenom\" value=\"\" size=\"40\" class=\"wpcf7-form-control wpcf7-text wpcf7-validates-as-required\" aria-required=\"true\" aria-invalid=\"false\" placeholder=\"First Name*\" \/><\/span><\/span><\/div>\n<div class=\"column-1_2\"><span class=\"style-icon icon-name\"><span class=\"wpcf7-form-control-wrap your-nomfamille\"><input type=\"text\" name=\"your-nomfamille\" value=\"\" size=\"40\" class=\"wpcf7-form-control wpcf7-text wpcf7-validates-as-required\" aria-required=\"true\" aria-invalid=\"false\" placeholder=\"Last Name*\" \/><\/span><\/span><\/div>\n<\/div>\n<div class=\"columns_wrap\">\n<div class=\"column-1_2\"><span class=\"style-icon icon-phone\"><span class=\"wpcf7-form-control-wrap phone\"><input type=\"tel\" name=\"phone\" value=\"\" size=\"40\" class=\"wpcf7-form-control wpcf7-text wpcf7-tel wpcf7-validates-as-required wpcf7-validates-as-tel\" aria-required=\"true\" aria-invalid=\"false\" placeholder=\"Phone*\" \/><\/span><\/span><\/div>\n<div class=\"column-1_2\"><span class=\"style-icon icon-email\"><span class=\"wpcf7-form-control-wrap email\"><input type=\"email\" name=\"email\" value=\"\" size=\"40\" class=\"wpcf7-form-control wpcf7-text wpcf7-email wpcf7-validates-as-required wpcf7-validates-as-email\" aria-required=\"true\" aria-invalid=\"false\" placeholder=\"Email*\" \/><\/span><\/span><\/div>\n<\/div>\n<h3>Building information<\/h3>\n<div class=\"columns_wrap\">\n<div class=\"column-1_2\"><span class=\"style-icon icon-subject\"><span class=\"wpcf7-form-control-wrap nomsyndic\"><input type=\"text\" name=\"nomsyndic\" value=\"\" size=\"40\" class=\"wpcf7-form-control wpcf7-text wpcf7-validates-as-required\" aria-required=\"true\" aria-invalid=\"false\" placeholder=\"Name of the syndicate of co-ownership or of the building*\" \/><\/span><\/span><\/div>\n<div class=\"column-1_2\"><span class=\"style-icon icon-subject\"><span class=\"wpcf7-form-control-wrap nbporte\"><input type=\"number\" name=\"nbporte\" value=\"\" class=\"wpcf7-form-control wpcf7-number wpcf7-validates-as-required wpcf7-validates-as-number\" aria-required=\"true\" aria-invalid=\"false\" placeholder=\"Number of units*\" \/><\/span><\/span><\/div>\n<\/div>\n<div class=\"column-1\"><span class=\"style-icon icon-subject\"><span class=\"wpcf7-form-control-wrap adressepropriete\"><input type=\"text\" name=\"adressepropriete\" value=\"\" size=\"40\" class=\"wpcf7-form-control wpcf7-text wpcf7-validates-as-required\" aria-required=\"true\" aria-invalid=\"false\" placeholder=\"Building address*\" \/><\/span><\/span><\/div>\n<h3>Type of service desired<\/h3>\n<div class=\"columns_wrap\">\n<div class=\"column-1_2\"><span class=\"style-icon icon-calendar\"><span class=\"wpcf7-form-control-wrap date\"><input type=\"text\" name=\"date\" value=\"\" size=\"40\" class=\"wpcf7-form-control wpcf7-text wpcf7-validates-as-required\" aria-required=\"true\" aria-invalid=\"false\" placeholder=\"Start date of the mandate*\" \/><\/span><\/span><\/div>\n<div class=\"column-1_2\"><span class=\"style-icon icon-subject\"><span class=\"wpcf7-form-control-wrap typeservice\"><select name=\"typeservice\" class=\"wpcf7-form-control wpcf7-select\" aria-invalid=\"false\"><option value=\"Gestion de copropri\u00e9t\u00e9 compl\u00e8te\">Complete management of your condo syndicate<\/option><option value=\"Gestion de copropri\u00e9t\u00e9 partiel\">Partial management of your condo syndicate<\/option><option value=\"Gestion d&#039;immeuble locative\">Management of your rental property<\/option><\/select><\/span><\/span>\n<\/div>\n<div class=\"column-1_1\"><span class=\"style-icon icon-textarea\"><span class=\"wpcf7-form-control-wrap more-info\"><textarea name=\"more-info\" cols=\"40\" rows=\"10\" class=\"wpcf7-form-control wpcf7-textarea\" aria-invalid=\"false\" placeholder=\"Other relevant information here.\"><\/textarea><\/span><\/div>\n<\/div>\n<p><input type=\"submit\" value=\"Send!\" class=\"wpcf7-form-control has-spinner wpcf7-submit\" \/><\/p>\n<div class=\"wpcf7-response-output\" aria-hidden=\"true\"><\/div><input type=\"hidden\" name=\"trp-form-language\" value=\"en\"\/><\/form><\/div>\t\t<\/div>\n\t\t\t\t<\/div>\n\t\t\t\t\t\t<\/div>\n\t\t\t\t\t<\/div>\n\t\t<\/div>\n\t\t\t\t\t\t\t\t<\/div>\n\t\t\t\t\t<\/div>\n\t\t<\/section>\n\t\t\t\t<section class=\"elementor-section elementor-top-section elementor-element elementor-element-43c1a4a elementor-section-boxed elementor-section-height-default elementor-section-height-default sc_fly_static\" data-id=\"43c1a4a\" data-element_type=\"section\">\n\t\t\t\t\t\t<div class=\"elementor-container elementor-column-gap-extended\">\n\t\t\t\t\t\t\t<div class=\"elementor-row\">\n\t\t\t\t\t<div class=\"elementor-column elementor-col-100 elementor-top-column elementor-element elementor-element-719fb03 sc_inner_width_none sc_content_align_inherit sc_layouts_column_icons_position_left sc_fly_static\" data-id=\"719fb03\" data-element_type=\"column\">\n\t\t\t<div class=\"elementor-column-wrap elementor-element-populated\">\n\t\t\t\t\t\t\t<div class=\"elementor-widget-wrap\">\n\t\t\t\t\t\t<div class=\"elementor-element elementor-element-8f55aa1 sc_fly_static elementor-widget elementor-widget-spacer\" data-id=\"8f55aa1\" data-element_type=\"widget\" data-widget_type=\"spacer.default\">\n\t\t\t\t<div class=\"elementor-widget-container\">\n\t\t\t\t\t<div class=\"elementor-spacer\">\n\t\t\t<div class=\"elementor-spacer-inner\"><\/div>\n\t\t<\/div>\n\t\t\t\t<\/div>\n\t\t\t\t<\/div>\n\t\t\t\t\t\t<\/div>\n\t\t\t\t\t<\/div>\n\t\t<\/div>\n\t\t\t\t\t\t\t\t<\/div>\n\t\t\t\t\t<\/div>\n\t\t<\/section>\n\t\t\t\t\t\t<\/div>\n\t\t\t\t\t\t<\/div>\n\t\t\t\t\t<\/div>","protected":false},"excerpt":{"rendered":"<p>Travaillons ensemble Obtenez une offre de service Vous \u00eates \u00e0 la recherche d&#8217;une gestion professionnelle pour votre syndicat de copropri\u00e9t\u00e9 ou immeuble locatif? Il vous suffit de nous faire parvenir&hellip;<\/p>","protected":false},"author":3,"featured_media":0,"parent":0,"menu_order":0,"comment_status":"closed","ping_status":"closed","template":"","meta":{"footnotes":""},"class_list":["post-18696","page","type-page","status-publish","hentry"],"yoast_head":"<!-- This site is optimized with the Yoast SEO plugin v18.2 - https:\/\/yoast.com\/wordpress\/plugins\/seo\/ -->\n<title>Offre de Service pour Gestion de Copropri\u00e9t\u00e9 | Gestion Immoplex Inc.<\/title>\n<meta name=\"description\" content=\"Notre vice-pr\u00e9sidente vous contactera rapidement pour vous soumettre une offre de service pour la gestion de copropri\u00e9t\u00e9 professionnelle.\" \/>\n<meta name=\"robots\" content=\"index, follow, max-snippet:-1, max-image-preview:large, max-video-preview:-1\" \/>\n<link rel=\"canonical\" href=\"https:\/\/immoplex.com\/en\/soumission\/\" \/>\n<meta property=\"og:locale\" content=\"en_US\" \/>\n<meta property=\"og:type\" content=\"article\" \/>\n<meta property=\"og:title\" content=\"Offre de Service pour Gestion de Copropri\u00e9t\u00e9 | Gestion Immoplex Inc.\" \/>\n<meta property=\"og:description\" content=\"Notre vice-pr\u00e9sidente vous contactera rapidement pour vous soumettre une offre de service pour la gestion de copropri\u00e9t\u00e9 professionnelle.\" \/>\n<meta property=\"og:url\" content=\"https:\/\/immoplex.com\/en\/soumission\/\" \/>\n<meta property=\"og:site_name\" content=\"Gestion Immoplex Inc.\" \/>\n<meta property=\"article:publisher\" content=\"https:\/\/www.facebook.com\/gestionimmoplex\/\" \/>\n<meta property=\"article:modified_time\" content=\"2023-07-25T15:29:57+00:00\" \/>\n<meta name=\"twitter:card\" content=\"summary_large_image\" \/>\n<meta name=\"twitter:label1\" content=\"Est. reading time\" \/>\n\t<meta name=\"twitter:data1\" content=\"1 minute\" \/>\n<script type=\"application\/ld+json\" class=\"yoast-schema-graph\">{\"@context\":\"https:\/\/schema.org\",\"@graph\":[{\"@type\":\"Organization\",\"@id\":\"https:\/\/immoplex.com\/#organization\",\"name\":\"Gestion Immoplex Inc.\",\"url\":\"https:\/\/immoplex.com\/\",\"sameAs\":[\"https:\/\/www.facebook.com\/gestionimmoplex\/\",\"https:\/\/www.linkedin.com\/company\/gestion-immoplex-inc\/mycompany\/\"],\"logo\":{\"@type\":\"ImageObject\",\"@id\":\"https:\/\/immoplex.com\/#logo\",\"inLanguage\":\"en-CA\",\"url\":\"https:\/\/immoplex.com\/wp-content\/uploads\/2022\/02\/LOGO-Immoplex-800.png\",\"contentUrl\":\"https:\/\/immoplex.com\/wp-content\/uploads\/2022\/02\/LOGO-Immoplex-800.png\",\"width\":800,\"height\":163,\"caption\":\"Gestion Immoplex Inc.\"},\"image\":{\"@id\":\"https:\/\/immoplex.com\/#logo\"}},{\"@type\":\"WebSite\",\"@id\":\"https:\/\/immoplex.com\/#website\",\"url\":\"https:\/\/immoplex.com\/\",\"name\":\"Gestion Immoplex Inc.\",\"description\":\"Gestion de Copropri\u00e9t\u00e9 \u2013 R\u00e9sidentielle et Commerciale\",\"publisher\":{\"@id\":\"https:\/\/immoplex.com\/#organization\"},\"potentialAction\":[{\"@type\":\"SearchAction\",\"target\":{\"@type\":\"EntryPoint\",\"urlTemplate\":\"https:\/\/immoplex.com\/?s={search_term_string}\"},\"query-input\":\"required name=search_term_string\"}],\"inLanguage\":\"en-CA\"},{\"@type\":\"WebPage\",\"@id\":\"https:\/\/immoplex.com\/soumission\/#webpage\",\"url\":\"https:\/\/immoplex.com\/soumission\/\",\"name\":\"Offre de Service pour Gestion de Copropri\u00e9t\u00e9 | Gestion Immoplex Inc.\",\"isPartOf\":{\"@id\":\"https:\/\/immoplex.com\/#website\"},\"datePublished\":\"2022-02-18T00:18:51+00:00\",\"dateModified\":\"2023-07-25T15:29:57+00:00\",\"description\":\"Notre vice-pr\u00e9sidente vous contactera rapidement pour vous soumettre une offre de service pour la gestion de copropri\u00e9t\u00e9 professionnelle.\",\"breadcrumb\":{\"@id\":\"https:\/\/immoplex.com\/soumission\/#breadcrumb\"},\"inLanguage\":\"en-CA\",\"potentialAction\":[{\"@type\":\"ReadAction\",\"target\":[\"https:\/\/immoplex.com\/soumission\/\"]}]},{\"@type\":\"BreadcrumbList\",\"@id\":\"https:\/\/immoplex.com\/soumission\/#breadcrumb\",\"itemListElement\":[{\"@type\":\"ListItem\",\"position\":1,\"name\":\"Accueil\",\"item\":\"https:\/\/immoplex.com\/\"},{\"@type\":\"ListItem\",\"position\":2,\"name\":\"Offre de service\"}]}]}<\/script>\n<!-- \/ Yoast SEO plugin. -->","yoast_head_json":{"title":"Offre de Service pour Gestion de Copropri\u00e9t\u00e9 | Gestion Immoplex Inc.","description":"Notre vice-pr\u00e9sidente vous contactera rapidement pour vous soumettre une offre de service pour la gestion de copropri\u00e9t\u00e9 professionnelle.","robots":{"index":"index","follow":"follow","max-snippet":"max-snippet:-1","max-image-preview":"max-image-preview:large","max-video-preview":"max-video-preview:-1"},"canonical":"https:\/\/immoplex.com\/en\/soumission\/","og_locale":"en_US","og_type":"article","og_title":"Offre de Service pour Gestion de Copropri\u00e9t\u00e9 | Gestion Immoplex Inc.","og_description":"Notre vice-pr\u00e9sidente vous contactera rapidement pour vous soumettre une offre de service pour la gestion de copropri\u00e9t\u00e9 professionnelle.","og_url":"https:\/\/immoplex.com\/en\/soumission\/","og_site_name":"Gestion Immoplex Inc.","article_publisher":"https:\/\/www.facebook.com\/gestionimmoplex\/","article_modified_time":"2023-07-25T15:29:57+00:00","twitter_card":"summary_large_image","twitter_misc":{"Est. reading time":"1 minute"},"schema":{"@context":"https:\/\/schema.org","@graph":[{"@type":"Organization","@id":"https:\/\/immoplex.com\/#organization","name":"Gestion Immoplex Inc.","url":"https:\/\/immoplex.com\/","sameAs":["https:\/\/www.facebook.com\/gestionimmoplex\/","https:\/\/www.linkedin.com\/company\/gestion-immoplex-inc\/mycompany\/"],"logo":{"@type":"ImageObject","@id":"https:\/\/immoplex.com\/#logo","inLanguage":"en-CA","url":"https:\/\/immoplex.com\/wp-content\/uploads\/2022\/02\/LOGO-Immoplex-800.png","contentUrl":"https:\/\/immoplex.com\/wp-content\/uploads\/2022\/02\/LOGO-Immoplex-800.png","width":800,"height":163,"caption":"Gestion Immoplex Inc."},"image":{"@id":"https:\/\/immoplex.com\/#logo"}},{"@type":"WebSite","@id":"https:\/\/immoplex.com\/#website","url":"https:\/\/immoplex.com\/","name":"Gestion Immoplex Inc.","description":"Gestion de Copropri\u00e9t\u00e9 \u2013 R\u00e9sidentielle et Commerciale","publisher":{"@id":"https:\/\/immoplex.com\/#organization"},"potentialAction":[{"@type":"SearchAction","target":{"@type":"EntryPoint","urlTemplate":"https:\/\/immoplex.com\/?s={search_term_string}"},"query-input":"required name=search_term_string"}],"inLanguage":"en-CA"},{"@type":"WebPage","@id":"https:\/\/immoplex.com\/soumission\/#webpage","url":"https:\/\/immoplex.com\/soumission\/","name":"Offre de Service pour Gestion de Copropri\u00e9t\u00e9 | Gestion Immoplex Inc.","isPartOf":{"@id":"https:\/\/immoplex.com\/#website"},"datePublished":"2022-02-18T00:18:51+00:00","dateModified":"2023-07-25T15:29:57+00:00","description":"Notre vice-pr\u00e9sidente vous contactera rapidement pour vous soumettre une offre de service pour la gestion de copropri\u00e9t\u00e9 professionnelle.","breadcrumb":{"@id":"https:\/\/immoplex.com\/soumission\/#breadcrumb"},"inLanguage":"en-CA","potentialAction":[{"@type":"ReadAction","target":["https:\/\/immoplex.com\/soumission\/"]}]},{"@type":"BreadcrumbList","@id":"https:\/\/immoplex.com\/soumission\/#breadcrumb","itemListElement":[{"@type":"ListItem","position":1,"name":"Accueil","item":"https:\/\/immoplex.com\/"},{"@type":"ListItem","position":2,"name":"Offre de service"}]}]}},"_links":{"self":[{"href":"https:\/\/immoplex.com\/en\/wp-json\/wp\/v2\/pages\/18696","targetHints":{"allow":["GET"]}}],"collection":[{"href":"https:\/\/immoplex.com\/en\/wp-json\/wp\/v2\/pages"}],"about":[{"href":"https:\/\/immoplex.com\/en\/wp-json\/wp\/v2\/types\/page"}],"author":[{"embeddable":true,"href":"https:\/\/immoplex.com\/en\/wp-json\/wp\/v2\/users\/3"}],"replies":[{"embeddable":true,"href":"https:\/\/immoplex.com\/en\/wp-json\/wp\/v2\/comments?post=18696"}],"version-history":[{"count":43,"href":"https:\/\/immoplex.com\/en\/wp-json\/wp\/v2\/pages\/18696\/revisions"}],"predecessor-version":[{"id":20443,"href":"https:\/\/immoplex.com\/en\/wp-json\/wp\/v2\/pages\/18696\/revisions\/20443"}],"wp:attachment":[{"href":"https:\/\/immoplex.com\/en\/wp-json\/wp\/v2\/media?parent=18696"}],"curies":[{"name":"wp","href":"https:\/\/api.w.org\/{rel}","templated":true}]}}